{"id":94,"date":"2025-06-23T07:36:23","date_gmt":"2025-06-23T07:36:23","guid":{"rendered":"https:\/\/activ-sante.ro\/?page_id=94"},"modified":"2025-07-23T12:19:30","modified_gmt":"2025-07-23T12:19:30","slug":"echipa-activ-sante","status":"publish","type":"page","link":"https:\/\/activ-sante.ro\/index.php\/acasa\/echipa-activ-sante\/","title":{"rendered":"Echipa Activ Sante"},"content":{"rendered":"\t\t<div data-elementor-type=\"wp-page\" data-elementor-id=\"94\" class=\"elementor elementor-94\">\n\t\t\t\t<div class=\"elementor-element elementor-element-c1c9146 e-flex e-con-boxed e-con e-parent\" data-id=\"c1c9146\" data-element_type=\"container\">\n\t\t\t\t\t<div class=\"e-con-inner\">\n\t\t\t\t<div class=\"elementor-element elementor-element-0ebf667 elementor-widget elementor-widget-heading\" data-id=\"0ebf667\" data-element_type=\"widget\" data-widget_type=\"heading.default\">\n\t\t\t\t<div class=\"elementor-widget-container\">\n\t\t\t<h2 class=\"elementor-heading-title elementor-size-default\">Echipa Activ Sante <\/h2>\t\t<\/div>\n\t\t\t\t<\/div>\n\t\t\t\t\t<\/div>\n\t\t\t\t<\/div>\n\t\t<div class=\"elementor-element elementor-element-2a4c6bd e-flex e-con-boxed e-con e-parent\" data-id=\"2a4c6bd\" data-element_type=\"container\">\n\t\t\t\t\t<div class=\"e-con-inner\">\n\t\t\t\t\t<\/div>\n\t\t\t\t<\/div>\n\t\t<div class=\"elementor-element elementor-element-1b03671 e-flex e-con-boxed e-con e-parent\" data-id=\"1b03671\" data-element_type=\"container\">\n\t\t\t\t\t<div class=\"e-con-inner\">\n\t\t\t\t<div class=\"elementor-element elementor-element-460123d elementor-widget elementor-widget-image\" data-id=\"460123d\" data-element_type=\"widget\" data-widget_type=\"image.default\">\n\t\t\t\t<div class=\"elementor-widget-container\">\n\t\t\t\t\t\t\t\t\t\t\t\t\t<img fetchpriority=\"high\" decoding=\"async\" width=\"683\" height=\"1024\" src=\"https:\/\/activ-sante.ro\/wp-content\/uploads\/2025\/06\/WhatsApp-Image-2025-06-19-at-14.55.04-683x1024.jpeg\" class=\"attachment-large size-large wp-image-98\" alt=\"\" srcset=\"https:\/\/activ-sante.ro\/wp-content\/uploads\/2025\/06\/WhatsApp-Image-2025-06-19-at-14.55.04-683x1024.jpeg 683w, https:\/\/activ-sante.ro\/wp-content\/uploads\/2025\/06\/WhatsApp-Image-2025-06-19-at-14.55.04-200x300.jpeg 200w, https:\/\/activ-sante.ro\/wp-content\/uploads\/2025\/06\/WhatsApp-Image-2025-06-19-at-14.55.04-768x1152.jpeg 768w, https:\/\/activ-sante.ro\/wp-content\/uploads\/2025\/06\/WhatsApp-Image-2025-06-19-at-14.55.04-1024x1536.jpeg 1024w, https:\/\/activ-sante.ro\/wp-content\/uploads\/2025\/06\/WhatsApp-Image-2025-06-19-at-14.55.04.jpeg 1067w\" sizes=\"(max-width: 683px) 100vw, 683px\" \/>\t\t\t\t\t\t\t\t\t\t\t\t\t<\/div>\n\t\t\t\t<\/div>\n\t\t\t\t<div class=\"elementor-element elementor-element-8d30dc4 elementor-widget elementor-widget-text-editor\" data-id=\"8d30dc4\" data-element_type=\"widget\" data-widget_type=\"text-editor.default\">\n\t\t\t\t<div class=\"elementor-widget-container\">\n\t\t\t\t\t\t\t<p>Nitu Cristian Andrei<\/p><p>Fiziokinetoterapeut | Specialist \u00een recuperare musculo-scheletal\u0103<\/p><p>Sunt fiziokinetoterapeut licen\u021biat din anul 2009, absolvent al Facult\u0103\u021bii de Educa\u021bie Fizic\u0103 \u0219i Sport (FEFS) Ia\u0219i, specializarea Kinetoterapie \u0219i Motricitate Special\u0103. De peste 15 ani, lucrez cu dedica\u021bie \u00een domeniul recuper\u0103rii fizice, oferind tratamente eficiente \u0219i personalizate pacien\u021bilor din Rom\u00e2nia \u0219i Fran\u021ba.<\/p><p>Specializ\u0103ri:<\/p><p><span style=\"white-space: normal;\"> \u2022 Recuperare musculo-scheletal\u0103<\/span><\/p><p><span style=\"white-space: normal;\"> \u2022 Ortopedie \u0219i traumatologie<\/span><\/p><p><span style=\"white-space: normal;\"> \u2022 Osteopatie func\u021bional\u0103<\/span><\/p><p><span style=\"white-space: normal;\"> \u2022 Recuperarea um\u0103rului \u2013 metoda CGE (Complex Global \u00c9paule)<\/span><\/p><p><span style=\"white-space: normal;\"> \u2022 Dry Needling<\/span><\/p><p><span style=\"white-space: normal;\"> \u2022 Reatletizare post-traumatic\u0103 \u0219i post-operatorie<\/span><\/p><p><span style=\"white-space: normal;\"> \u2022 Antrenamente personale adaptate obiectivelor medicale \u0219i sportive<\/span><\/p><p><span style=\"white-space: normal;\"> \u2022 Consiliere nutri\u021bional\u0103 \u2013 ca suport \u00een recuperare \u0219i performan\u021b\u0103 fizic\u0103<\/span><\/p>\t\t\t\t\t\t<\/div>\n\t\t\t\t<\/div>\n\t\t\t\t<div class=\"elementor-element elementor-element-7639a4a elementor-widget elementor-widget-image\" data-id=\"7639a4a\" data-element_type=\"widget\" data-widget_type=\"image.default\">\n\t\t\t\t<div class=\"elementor-widget-container\">\n\t\t\t\t\t\t\t\t\t\t\t\t\t<img decoding=\"async\" width=\"683\" height=\"1024\" src=\"https:\/\/activ-sante.ro\/wp-content\/uploads\/2025\/06\/WhatsApp-Image-2025-06-19-at-14.55.34-683x1024.jpeg\" class=\"attachment-large size-large wp-image-97\" alt=\"\" srcset=\"https:\/\/activ-sante.ro\/wp-content\/uploads\/2025\/06\/WhatsApp-Image-2025-06-19-at-14.55.34-683x1024.jpeg 683w, https:\/\/activ-sante.ro\/wp-content\/uploads\/2025\/06\/WhatsApp-Image-2025-06-19-at-14.55.34-200x300.jpeg 200w, https:\/\/activ-sante.ro\/wp-content\/uploads\/2025\/06\/WhatsApp-Image-2025-06-19-at-14.55.34-768x1152.jpeg 768w, https:\/\/activ-sante.ro\/wp-content\/uploads\/2025\/06\/WhatsApp-Image-2025-06-19-at-14.55.34-1024x1536.jpeg 1024w, https:\/\/activ-sante.ro\/wp-content\/uploads\/2025\/06\/WhatsApp-Image-2025-06-19-at-14.55.34.jpeg 1067w\" sizes=\"(max-width: 683px) 100vw, 683px\" \/>\t\t\t\t\t\t\t\t\t\t\t\t\t<\/div>\n\t\t\t\t<\/div>\n\t\t\t\t<div class=\"elementor-element elementor-element-3bd78cd elementor-widget elementor-widget-text-editor\" data-id=\"3bd78cd\" data-element_type=\"widget\" data-widget_type=\"text-editor.default\">\n\t\t\t\t<div class=\"elementor-widget-container\">\n\t\t\t\t\t\t\t<div>Nitu Alexandra<\/div><div>\u00a0<\/div><div>Fiziokinetoterapeut \u2013 Activ Sante<\/div><div>Absolvent\u0103 2025<\/div><div>\u00a0<\/div><div>Cu o fire empatic\u0103, calm\u0103 \u0219i atent\u0103 la nevoile fiec\u0103rui pacient, Alexandra se remarc\u0103 prin profesionalism, r\u0103bdare, precizie \u0219i o dorin\u021b\u0103 constant\u0103 de a \u00eenv\u0103\u021ba \u0219i evolua. Este dedicat\u0103 complet procesului de recuperare, oferind sus\u021binere real\u0103 \u0219i solu\u021bii eficiente.<\/div><div>\u00a0<\/div><div>Specializat\u0103 \u00een:<\/div><div>\u2022Kinetoterapie pediatric\u0103 \u2013 ajut\u0103 copiii s\u0103 se dezvolte armonios prin mi\u0219care corect\u0103.<\/div><div>\u2022Ginecologie pre \u0219i postnatal\u0103 \u2013 sus\u021bine femeile \u00een timpul sarcinii \u0219i dup\u0103 na\u0219tere.<\/div><div>\u2022Neurologie \u2013 intervine cu bl\u00e2nde\u021be \u0219i eficien\u021b\u0103 \u00een recuperarea func\u021bional\u0103.<\/div><div>\u00a0<\/div><div>Alexandra te \u00eent\u00e2mpin\u0103 cu empatie, seriozitate \u0219i o grij\u0103 autentic\u0103 pentru starea ta de bine. La Activ Sante, e\u0219ti pe m\u00e2ini sigure.<\/div>\t\t\t\t\t\t<\/div>\n\t\t\t\t<\/div>\n\t\t\t\t<div class=\"elementor-element elementor-element-a21d5a3 elementor-widget__width-initial elementor-widget elementor-widget-image\" data-id=\"a21d5a3\" data-element_type=\"widget\" data-widget_type=\"image.default\">\n\t\t\t\t<div class=\"elementor-widget-container\">\n\t\t\t\t\t\t\t\t\t\t\t\t\t<img decoding=\"async\" width=\"683\" height=\"1024\" src=\"https:\/\/activ-sante.ro\/wp-content\/uploads\/2025\/06\/WhatsApp-Image-2025-06-19-at-14.55.34-1-683x1024.jpeg\" class=\"attachment-large size-large wp-image-96\" alt=\"\" srcset=\"https:\/\/activ-sante.ro\/wp-content\/uploads\/2025\/06\/WhatsApp-Image-2025-06-19-at-14.55.34-1-683x1024.jpeg 683w, https:\/\/activ-sante.ro\/wp-content\/uploads\/2025\/06\/WhatsApp-Image-2025-06-19-at-14.55.34-1-200x300.jpeg 200w, https:\/\/activ-sante.ro\/wp-content\/uploads\/2025\/06\/WhatsApp-Image-2025-06-19-at-14.55.34-1-768x1152.jpeg 768w, https:\/\/activ-sante.ro\/wp-content\/uploads\/2025\/06\/WhatsApp-Image-2025-06-19-at-14.55.34-1-1024x1536.jpeg 1024w, https:\/\/activ-sante.ro\/wp-content\/uploads\/2025\/06\/WhatsApp-Image-2025-06-19-at-14.55.34-1.jpeg 1067w\" sizes=\"(max-width: 683px) 100vw, 683px\" \/>\t\t\t\t\t\t\t\t\t\t\t\t\t<\/div>\n\t\t\t\t<\/div>\n\t\t\t\t<div class=\"elementor-element elementor-element-acbf695 elementor-widget elementor-widget-text-editor\" data-id=\"acbf695\" data-element_type=\"widget\" data-widget_type=\"text-editor.default\">\n\t\t\t\t<div class=\"elementor-widget-container\">\n\t\t\t\t\t\t\t<div>Nitu Ramona C\u0103t\u0103lina<\/div><div>\u00a0<\/div><div>Specialist \u00een Masaj \u0219i Terapii Corporale \u2013 Activ Sante<\/div><div>\u00a0<\/div><div>Cu o abordare calm\u0103 \u0219i personalizat\u0103, Ramona transform\u0103 fiecare \u0219edin\u021b\u0103 \u00eentr-o experien\u021b\u0103 de relaxare \u0219i revitalizare. Ofer\u0103 terapii adaptate nevoilor tale, menite s\u0103 \u00eembun\u0103t\u0103\u021beasc\u0103 starea de bine fizic\u0103 \u0219i emo\u021bional\u0103:<\/div><div>\u2022Masaj de relaxare \u2013 detensioneaz\u0103 \u0219i reduce stresul.<\/div><div>\u2022Masaj anticelulitic (manual &amp; cu radiofrecven\u021b\u0103) \u2013 pentru fermitate, remodelare \u0219i tonifiere.<\/div><div>\u2022Tratamente faciale anti-aging \u2013 pentru o piele mai ferm\u0103 \u0219i \u00eentinerit\u0103.<\/div><div>\u2022Masaj terapeutic \u2013 ideal pentru dureri, tensiuni \u0219i recuperare postural\u0103.<\/div>\t\t\t\t\t\t<\/div>\n\t\t\t\t<\/div>\n\t\t\t\t<div class=\"elementor-element elementor-element-b871901 elementor-widget elementor-widget-image\" data-id=\"b871901\" data-element_type=\"widget\" data-widget_type=\"image.default\">\n\t\t\t\t<div class=\"elementor-widget-container\">\n\t\t\t\t\t\t\t\t\t\t\t\t\t<img loading=\"lazy\" decoding=\"async\" width=\"1024\" height=\"683\" src=\"https:\/\/activ-sante.ro\/wp-content\/uploads\/2025\/06\/WhatsApp-Image-2025-06-19-at-14.55.04-1-1024x683.jpeg\" class=\"attachment-large size-large wp-image-99\" alt=\"\" srcset=\"https:\/\/activ-sante.ro\/wp-content\/uploads\/2025\/06\/WhatsApp-Image-2025-06-19-at-14.55.04-1-1024x683.jpeg 1024w, https:\/\/activ-sante.ro\/wp-content\/uploads\/2025\/06\/WhatsApp-Image-2025-06-19-at-14.55.04-1-300x200.jpeg 300w, https:\/\/activ-sante.ro\/wp-content\/uploads\/2025\/06\/WhatsApp-Image-2025-06-19-at-14.55.04-1-768x512.jpeg 768w, https:\/\/activ-sante.ro\/wp-content\/uploads\/2025\/06\/WhatsApp-Image-2025-06-19-at-14.55.04-1-1536x1024.jpeg 1536w, https:\/\/activ-sante.ro\/wp-content\/uploads\/2025\/06\/WhatsApp-Image-2025-06-19-at-14.55.04-1.jpeg 1600w\" sizes=\"(max-width: 1024px) 100vw, 1024px\" \/>\t\t\t\t\t\t\t\t\t\t\t\t\t<\/div>\n\t\t\t\t<\/div>\n\t\t\t\t\t<\/div>\n\t\t\t\t<\/div>\n\t\t<div class=\"elementor-element elementor-element-14fc263 e-flex e-con-boxed e-con e-parent\" data-id=\"14fc263\" data-element_type=\"container\">\n\t\t\t\t\t<div class=\"e-con-inner\">\n\t\t\t\t\t<\/div>\n\t\t\t\t<\/div>\n\t\t\t\t<\/div>\n\t\t","protected":false},"excerpt":{"rendered":"<p>Echipa Activ Sante Nitu Cristian Andrei Fiziokinetoterapeut | Specialist \u00een recuperare musculo-scheletal\u0103 Sunt fiziokinetoterapeut licen\u021biat din anul 2009, absolvent al Facult\u0103\u021bii de Educa\u021bie Fizic\u0103 \u0219i Sport (FEFS) Ia\u0219i, specializarea Kinetoterapie \u0219i Motricitate Special\u0103. De peste 15 ani, lucrez cu dedica\u021bie \u00een domeniul recuper\u0103rii fizice, oferind tratamente eficiente \u0219i personalizate pacien\u021bilor din Rom\u00e2nia \u0219i Fran\u021ba. Specializ\u0103ri: [&hellip;]<\/p>\n","protected":false},"author":2,"featured_media":0,"parent":10,"menu_order":0,"comment_status":"closed","ping_status":"closed","template":"","meta":{"footnotes":""},"class_list":["post-94","page","type-page","status-publish","hentry","entry"],"_links":{"self":[{"href":"https:\/\/activ-sante.ro\/index.php\/wp-json\/wp\/v2\/pages\/94","targetHints":{"allow":["GET"]}}],"collection":[{"href":"https:\/\/activ-sante.ro\/index.php\/wp-json\/wp\/v2\/pages"}],"about":[{"href":"https:\/\/activ-sante.ro\/index.php\/wp-json\/wp\/v2\/types\/page"}],"author":[{"embeddable":true,"href":"https:\/\/activ-sante.ro\/index.php\/wp-json\/wp\/v2\/users\/2"}],"replies":[{"embeddable":true,"href":"https:\/\/activ-sante.ro\/index.php\/wp-json\/wp\/v2\/comments?post=94"}],"version-history":[{"count":12,"href":"https:\/\/activ-sante.ro\/index.php\/wp-json\/wp\/v2\/pages\/94\/revisions"}],"predecessor-version":[{"id":131,"href":"https:\/\/activ-sante.ro\/index.php\/wp-json\/wp\/v2\/pages\/94\/revisions\/131"}],"up":[{"embeddable":true,"href":"https:\/\/activ-sante.ro\/index.php\/wp-json\/wp\/v2\/pages\/10"}],"wp:attachment":[{"href":"https:\/\/activ-sante.ro\/index.php\/wp-json\/wp\/v2\/media?parent=94"}],"curies":[{"name":"wp","href":"https:\/\/api.w.org\/{rel}","templated":true}]}}