{"id":29,"date":"2024-10-15T18:45:39","date_gmt":"2024-10-15T18:45:39","guid":{"rendered":"https:\/\/activ-sante.ro\/?page_id=29"},"modified":"2024-10-15T19:08:24","modified_gmt":"2024-10-15T19:08:24","slug":"politica-de-confidentialitate","status":"publish","type":"page","link":"https:\/\/activ-sante.ro\/index.php\/politica-de-confidentialitate\/","title":{"rendered":"Politica de confidentialitate"},"content":{"rendered":"\t\t<div data-elementor-type=\"wp-page\" data-elementor-id=\"29\" class=\"elementor elementor-29\">\n\t\t\t\t<div class=\"elementor-element elementor-element-2297238 e-flex e-con-boxed e-con e-parent\" data-id=\"2297238\" data-element_type=\"container\">\n\t\t\t\t\t<div class=\"e-con-inner\">\n\t\t\t\t<div class=\"elementor-element elementor-element-3757bb0 elementor-widget elementor-widget-heading\" data-id=\"3757bb0\" data-element_type=\"widget\" data-widget_type=\"heading.default\">\n\t\t\t\t<div class=\"elementor-widget-container\">\n\t\t\t<h1 class=\"elementor-heading-title elementor-size-default\">Politica de confiden\u021bialitate<\/h1>\t\t<\/div>\n\t\t\t\t<\/div>\n\t\t\t\t<div class=\"elementor-element elementor-element-d0fde0c elementor-widget elementor-widget-heading\" data-id=\"d0fde0c\" data-element_type=\"widget\" data-widget_type=\"heading.default\">\n\t\t\t\t<div class=\"elementor-widget-container\">\n\t\t\t<h2 class=\"elementor-heading-title elementor-size-default\">Cine suntem\n<\/h2>\t\t<\/div>\n\t\t\t\t<\/div>\n\t\t\t\t<div class=\"elementor-element elementor-element-c60fad9 elementor-widget elementor-widget-text-editor\" data-id=\"c60fad9\" data-element_type=\"widget\" data-widget_type=\"text-editor.default\">\n\t\t\t\t<div class=\"elementor-widget-container\">\n\t\t\t\t\t\t\t<p>Adresa paginii web este: https:\/\/activ-sante.ro .<\/p>\t\t\t\t\t\t<\/div>\n\t\t\t\t<\/div>\n\t\t\t\t<div class=\"elementor-element elementor-element-666d00e elementor-widget elementor-widget-heading\" data-id=\"666d00e\" data-element_type=\"widget\" data-widget_type=\"heading.default\">\n\t\t\t\t<div class=\"elementor-widget-container\">\n\t\t\t<h2 class=\"elementor-heading-title elementor-size-default\">Ce date personale colect\u0103m \u0219i de ce le colect\u0103m<\/h2>\t\t<\/div>\n\t\t\t\t<\/div>\n\t\t\t\t<div class=\"elementor-element elementor-element-40ade3e elementor-widget elementor-widget-text-editor\" data-id=\"40ade3e\" data-element_type=\"widget\" data-widget_type=\"text-editor.default\">\n\t\t\t\t<div class=\"elementor-widget-container\">\n\t\t\t\t\t\t\t<p>Datele dumneavoastr\u0103 pot fi transmise \u00een cadrul\u00a0<span style=\"font-family: Alata, sans-serif; font-size: 14px; font-style: normal; font-variant-ligatures: normal; font-variant-caps: normal; font-weight: 300;\">SC KINETOFIT ANDREI SRL<\/span>. Nu transmitem, nu vindem \u0219i nu ced\u0103m ter\u021bilor datele dumneavoastr\u0103 \u00een scopuri de marketing \u00een afara companiei noastre. Datele transmise unor ter\u021bi sunt utilizate numai pentru a v\u0103 oferi serviciile noastre. Ve\u021bi g\u0103si categoriile de ter\u021bi \u00een cadrul fiec\u0103rui proces specific de mai jos.<\/p>\t\t\t\t\t\t<\/div>\n\t\t\t\t<\/div>\n\t\t\t\t<div class=\"elementor-element elementor-element-bfb43e7 elementor-widget elementor-widget-heading\" data-id=\"bfb43e7\" data-element_type=\"widget\" data-widget_type=\"heading.default\">\n\t\t\t\t<div class=\"elementor-widget-container\">\n\t\t\t<h2 class=\"elementor-heading-title elementor-size-default\">Temeiul legal pentru prelucrarea datelor\n<\/h2>\t\t<\/div>\n\t\t\t\t<\/div>\n\t\t\t\t<div class=\"elementor-element elementor-element-6128957 elementor-widget elementor-widget-text-editor\" data-id=\"6128957\" data-element_type=\"widget\" data-widget_type=\"text-editor.default\">\n\t\t\t\t<div class=\"elementor-widget-container\">\n\t\t\t\t\t\t\t<p>Pentru fiecare prelucare specific\u0103 a datelor cu caracter personal colectate de la dumneavoastr\u0103, v\u0103 vom informa dac\u0103 furnizarea datelor cu caracter personal este impus\u0103 de reglement\u0103ri sau dac\u0103 este necesar\u0103 pentru a \u00eencheia un contract, dac\u0103 este obligatoriu s\u0103 ne furniza\u021bi datele cu caracter personal \u0219i care sunt posibilele consecin\u021be \u00een cazul \u00een care refuza\u021bi.<\/p>\t\t\t\t\t\t<\/div>\n\t\t\t\t<\/div>\n\t\t\t\t<div class=\"elementor-element elementor-element-3f8795a elementor-widget elementor-widget-heading\" data-id=\"3f8795a\" data-element_type=\"widget\" data-widget_type=\"heading.default\">\n\t\t\t\t<div class=\"elementor-widget-container\">\n\t\t\t<h2 class=\"elementor-heading-title elementor-size-default\">Unde se stocheaz\u0103 datele?<\/h2>\t\t<\/div>\n\t\t\t\t<\/div>\n\t\t\t\t<div class=\"elementor-element elementor-element-fbc2a2a elementor-widget elementor-widget-text-editor\" data-id=\"fbc2a2a\" data-element_type=\"widget\" data-widget_type=\"text-editor.default\">\n\t\t\t\t<div class=\"elementor-widget-container\">\n\t\t\t\t\t\t\t<p>Datele colectate de la dumneavoastr\u0103 sunt stocate \u00een Spa\u021biul Economic European (SEE), dar pot fi, de asemenea, transferate \u0219i prelucrate \u00eentr-o \u021bar\u0103 din afara SEE. Orice transfer de acest fel al datelor dumneavoastr\u0103 cu caracter personal se va realiza \u00een conformitate cu legisla\u021bia \u00een vigoare, fiind \u00een siguran\u021b\u0103 \u0219i permanent monitorizate.<\/p>\t\t\t\t\t\t<\/div>\n\t\t\t\t<\/div>\n\t\t\t\t<div class=\"elementor-element elementor-element-c7ee594 elementor-widget elementor-widget-heading\" data-id=\"c7ee594\" data-element_type=\"widget\" data-widget_type=\"heading.default\">\n\t\t\t\t<div class=\"elementor-widget-container\">\n\t\t\t<h2 class=\"elementor-heading-title elementor-size-default\">Comentarii<\/h2>\t\t<\/div>\n\t\t\t\t<\/div>\n\t\t\t\t<div class=\"elementor-element elementor-element-86590b9 elementor-widget elementor-widget-text-editor\" data-id=\"86590b9\" data-element_type=\"widget\" data-widget_type=\"text-editor.default\">\n\t\t\t\t<div class=\"elementor-widget-container\">\n\t\t\t\t\t\t\t<p>C\u00e2nd vizitatorii las\u0103 comentarii pe sit, colect\u0103m datele ar\u0103tate \u00een formularele de comentarii, dar \u0219i adresa IP a vizitatorului \u0219i \u0219irul agen\u021bilor utilizator din navigator pentru a ne ajuta la detectarea spamului.\u00a0<span style=\"font-size: 14px; text-align: var(--text-align);\">Un \u0219ir f\u0103cut anonim (numit \u0219i un hash), creat din adresele tale de email, poate fi furnizat serviciului Gravatar pentru a vedea dac\u0103 \u00eel folose\u0219ti. Politica de confiden\u021bialitate a serviciului Gravatar este disponibil\u0103 aici: https:\/\/automattic.com\/privacy\/. Dup\u0103 aprobarea comentariului, fotografia ta de profil este vizibil\u0103 pentru public l\u00e2ng\u0103 comentariul t\u0103u.<\/span><\/p>\t\t\t\t\t\t<\/div>\n\t\t\t\t<\/div>\n\t\t\t\t<div class=\"elementor-element elementor-element-96f426f elementor-widget elementor-widget-heading\" data-id=\"96f426f\" data-element_type=\"widget\" data-widget_type=\"heading.default\">\n\t\t\t\t<div class=\"elementor-widget-container\">\n\t\t\t<h2 class=\"elementor-heading-title elementor-size-default\">Media<\/h2>\t\t<\/div>\n\t\t\t\t<\/div>\n\t\t\t\t<div class=\"elementor-element elementor-element-0f21bfc elementor-widget elementor-widget-text-editor\" data-id=\"0f21bfc\" data-element_type=\"widget\" data-widget_type=\"text-editor.default\">\n\t\t\t\t<div class=\"elementor-widget-container\">\n\t\t\t\t\t\t\t<p>Dac\u0103 \u00eencarci imagini pe situl web, ar trebui s\u0103 evi\u021bi \u00eenc\u0103rcarea imaginilor care au incluse date de loca\u021bie \u00eenglobate (EXIF GPS). Vizitatorii sitului web pot desc\u0103rca \u0219i extrage toate datele despre loca\u021bie din imaginile de pe sit.<\/p>\t\t\t\t\t\t<\/div>\n\t\t\t\t<\/div>\n\t\t\t\t<div class=\"elementor-element elementor-element-496ecae elementor-widget elementor-widget-heading\" data-id=\"496ecae\" data-element_type=\"widget\" data-widget_type=\"heading.default\">\n\t\t\t\t<div class=\"elementor-widget-container\">\n\t\t\t<h2 class=\"elementor-heading-title elementor-size-default\">Formulare de contact\n<div><br><\/div>Cookie-uri\n<\/h2>\t\t<\/div>\n\t\t\t\t<\/div>\n\t\t\t\t<div class=\"elementor-element elementor-element-867c37f elementor-widget elementor-widget-text-editor\" data-id=\"867c37f\" data-element_type=\"widget\" data-widget_type=\"text-editor.default\">\n\t\t\t\t<div class=\"elementor-widget-container\">\n\t\t\t\t\t\t\t<p>Dac\u0103 la\u0219i un comentariu pe situl nostru, po\u021bi opta pentru salvarea \u00een cookie-uri a numelui, adresei de email \u0219i sitului t\u0103u web. Acestea sunt pentru confortul t\u0103u, astfel nu mai trebuie s\u0103 le completezi din nou c\u00e2nd la\u0219i un alt comentariu. Aceste cookie-uri vor fi valabile un an.<\/p><p>Dac\u0103 mergi la pagina noastr\u0103 de autentificare, vom seta un cookie temporar pentru a determina dac\u0103 navigatorul t\u0103u accept\u0103 cookie-uri. Acest cookie nu con\u021bine date personale \u0219i este eliminat c\u00e2nd \u00eenchizi navigatorul.<\/p><p>C\u00e2nd te autentifici, vom seta \u0219i c\u00e2teva cookie-uri pentru a-\u021bi salva informa\u021biile de autentificare \u0219i op\u021biunile de afi\u0219are pe ecran. Cookie-urile de autentificare sunt p\u0103strate dou\u0103 zile, iar cele pentru op\u021biuni de afi\u0219are pe ecran sunt p\u0103strate un an. Dac\u0103 selectezi \u201e\u021aine-m\u0103 minte\u201d, cookie-urile tale de autentificare vor fi p\u0103strate dou\u0103 s\u0103pt\u0103m\u00e2ni. Dac\u0103 te dezautentifici din cont, cookie-urile de autentificare vor fi eliminate.<\/p><p>Dac\u0103 editezi sau publici un articol, un cookie suplimentar va fi salvat \u00een navigatorul t\u0103u. Acest cookie nu include date personale \u0219i indic\u0103 pur \u0219i simplu ID-ul articolului pe care tocmai l-ai editat. El expir\u0103 dup\u0103 1 zi.<\/p>\t\t\t\t\t\t<\/div>\n\t\t\t\t<\/div>\n\t\t\t\t<div class=\"elementor-element elementor-element-b304d95 elementor-widget elementor-widget-heading\" data-id=\"b304d95\" data-element_type=\"widget\" data-widget_type=\"heading.default\">\n\t\t\t\t<div class=\"elementor-widget-container\">\n\t\t\t<h2 class=\"elementor-heading-title elementor-size-default\">Con\u021binut \u00eenglobat de pe alte situri web<span style=\"font-family: Alata, sans-serif;font-size: 20px;font-weight: 600;text-align: var(--text-align)\"><\/span><\/h2>\t\t<\/div>\n\t\t\t\t<\/div>\n\t\t\t\t<div class=\"elementor-element elementor-element-fc3c5f5 elementor-widget elementor-widget-text-editor\" data-id=\"fc3c5f5\" data-element_type=\"widget\" data-widget_type=\"text-editor.default\">\n\t\t\t\t<div class=\"elementor-widget-container\">\n\t\t\t\t\t\t\t<p>Articolele din acest sit pot include con\u021binut \u00eenglobat (de exemplu, videouri, imagini, articole etc.). Con\u021binutul \u00eenglobat de pe alte situri web se comporta exact la fel ca \u0219i cum vizitatorii au vizualizat un alt sit web.<\/p><p>Aceste situri web pot s\u0103 colecteze date despre tine, s\u0103 foloseasc\u0103 cookie-uri, s\u0103 \u00eenglobeze urm\u0103rirea suplimentar\u0103 de la p\u0103r\u021bi ter\u021be \u0219i s\u0103-\u021bi monitorizeze interac\u021biunea cu con\u021binutul \u00eenglobat, inclusiv s\u0103-\u021bi urm\u0103reasc\u0103 interac\u021biunea cu con\u021binutul \u00eenglobat dac\u0103 ai un cont \u0219i e\u0219ti autentificat \u00een acel sit web.<\/p>\t\t\t\t\t\t<\/div>\n\t\t\t\t<\/div>\n\t\t\t\t<div class=\"elementor-element elementor-element-76ad6f9 elementor-widget elementor-widget-heading\" data-id=\"76ad6f9\" data-element_type=\"widget\" data-widget_type=\"heading.default\">\n\t\t\t\t<div class=\"elementor-widget-container\">\n\t\t\t<h2 class=\"elementor-heading-title elementor-size-default\">Analitice<\/h2>\t\t<\/div>\n\t\t\t\t<\/div>\n\t\t\t\t<div class=\"elementor-element elementor-element-e8324da elementor-widget elementor-widget-heading\" data-id=\"e8324da\" data-element_type=\"widget\" data-widget_type=\"heading.default\">\n\t\t\t\t<div class=\"elementor-widget-container\">\n\t\t\t<h2 class=\"elementor-heading-title elementor-size-default\">C\u00e2t timp \u00ee\u021bi p\u0103str\u0103m datele\n<\/h2>\t\t<\/div>\n\t\t\t\t<\/div>\n\t\t\t\t<div class=\"elementor-element elementor-element-9c157b3 elementor-widget elementor-widget-text-editor\" data-id=\"9c157b3\" data-element_type=\"widget\" data-widget_type=\"text-editor.default\">\n\t\t\t\t<div class=\"elementor-widget-container\">\n\t\t\t\t\t\t\t<p>Dac\u0103 la\u0219i un comentariu, comentariul \u0219i metadatele lui sunt p\u0103strate pe o perioad\u0103 nedeterminat\u0103. A\u0219a putem recunoa\u0219te \u0219i aproba automat toate comentariile urm\u0103toare \u00een loc s\u0103 le \u021binem \u00eentr-o coad\u0103 pentru moderare.<\/p><p>Pentru utilizatorii (dac\u0103 exist\u0103) care se \u00eenregistreaz\u0103 pe situl nostru web, stoc\u0103m \u0219i informa\u021biile personale pe care le furnizeaz\u0103 \u00een profilul lor de utilizator. To\u021bi utilizatorii \u00ee\u0219i pot vedea, edita sau \u0219terge informa\u021biile personale oric\u00e2nd (dar nu \u00ee\u0219i pot schimba numele de utilizator). De asemenea, administratorii sitului web pot vedea \u0219i edita aceste informa\u021bii.<\/p>\t\t\t\t\t\t<\/div>\n\t\t\t\t<\/div>\n\t\t\t\t<div class=\"elementor-element elementor-element-a7b5b1e elementor-widget elementor-widget-heading\" data-id=\"a7b5b1e\" data-element_type=\"widget\" data-widget_type=\"heading.default\">\n\t\t\t\t<div class=\"elementor-widget-container\">\n\t\t\t<h2 class=\"elementor-heading-title elementor-size-default\">Ce drepturi ai asupra datelor tale<\/h2>\t\t<\/div>\n\t\t\t\t<\/div>\n\t\t\t\t<div class=\"elementor-element elementor-element-df7fa8a elementor-widget elementor-widget-text-editor\" data-id=\"df7fa8a\" data-element_type=\"widget\" data-widget_type=\"text-editor.default\">\n\t\t\t\t<div class=\"elementor-widget-container\">\n\t\t\t\t\t\t\t<p>Dac\u0103 ai un cont sau ai l\u0103sat comentarii pe acest sit web, po\u021bi cere s\u0103 prime\u0219ti un fi\u0219ier de export cu datele personale pe care le de\u021binem despre tine, inclusiv toate datele pe care ni le-ai furnizat. De asemenea, ne po\u021bi cere s\u0103 \u0219tergem toate datele personale pe care le de\u021binem despre tine. Acestea nu includ toate datele pe care suntem obliga\u021bi s\u0103 le p\u0103str\u0103m \u00een scopuri administrative, juridice sau de securitate.<\/p>\t\t\t\t\t\t<\/div>\n\t\t\t\t<\/div>\n\t\t\t\t<div class=\"elementor-element elementor-element-8ed9bd3 elementor-widget elementor-widget-heading\" data-id=\"8ed9bd3\" data-element_type=\"widget\" data-widget_type=\"heading.default\">\n\t\t\t\t<div class=\"elementor-widget-container\">\n\t\t\t<h2 class=\"elementor-heading-title elementor-size-default\">Unde \u00ee\u021bi trimitem datele\n<\/h2>\t\t<\/div>\n\t\t\t\t<\/div>\n\t\t\t\t<div class=\"elementor-element elementor-element-eb955d1 elementor-widget elementor-widget-text-editor\" data-id=\"eb955d1\" data-element_type=\"widget\" data-widget_type=\"text-editor.default\">\n\t\t\t\t<div class=\"elementor-widget-container\">\n\t\t\t\t\t\t\t<p>Comentariile vizitatorilor pot fi verificate printr-un serviciu automat de detectare a spamului.<\/p>\t\t\t\t\t\t<\/div>\n\t\t\t\t<\/div>\n\t\t\t\t\t<\/div>\n\t\t\t\t<\/div>\n\t\t\t\t<\/div>\n\t\t","protected":false},"excerpt":{"rendered":"<p>Politica de confiden\u021bialitate Cine suntem Adresa paginii web este: https:\/\/activ-sante.ro . Ce date personale colect\u0103m \u0219i de ce le colect\u0103m Datele dumneavoastr\u0103 pot fi transmise \u00een cadrul\u00a0SC KINETOFIT ANDREI SRL. Nu transmitem, nu vindem \u0219i nu ced\u0103m ter\u021bilor datele dumneavoastr\u0103 \u00een scopuri de marketing \u00een afara companiei noastre. Datele transmise unor ter\u021bi sunt utilizate numai [&hellip;]<\/p>\n","protected":false},"author":1,"featured_media":0,"parent":0,"menu_order":0,"comment_status":"closed","ping_status":"closed","template":"","meta":{"footnotes":""},"class_list":["post-29","page","type-page","status-publish","hentry","entry"],"_links":{"self":[{"href":"https:\/\/activ-sante.ro\/index.php\/wp-json\/wp\/v2\/pages\/29","targetHints":{"allow":["GET"]}}],"collection":[{"href":"https:\/\/activ-sante.ro\/index.php\/wp-json\/wp\/v2\/pages"}],"about":[{"href":"https:\/\/activ-sante.ro\/index.php\/wp-json\/wp\/v2\/types\/page"}],"author":[{"embeddable":true,"href":"https:\/\/activ-sante.ro\/index.php\/wp-json\/wp\/v2\/users\/1"}],"replies":[{"embeddable":true,"href":"https:\/\/activ-sante.ro\/index.php\/wp-json\/wp\/v2\/comments?post=29"}],"version-history":[{"count":4,"href":"https:\/\/activ-sante.ro\/index.php\/wp-json\/wp\/v2\/pages\/29\/revisions"}],"predecessor-version":[{"id":45,"href":"https:\/\/activ-sante.ro\/index.php\/wp-json\/wp\/v2\/pages\/29\/revisions\/45"}],"wp:attachment":[{"href":"https:\/\/activ-sante.ro\/index.php\/wp-json\/wp\/v2\/media?parent=29"}],"curies":[{"name":"wp","href":"https:\/\/api.w.org\/{rel}","templated":true}]}}