{"id":13,"date":"2024-10-15T18:05:12","date_gmt":"2024-10-15T18:05:12","guid":{"rendered":"https:\/\/activ-sante.ro\/?page_id=13"},"modified":"2024-10-16T07:35:49","modified_gmt":"2024-10-16T07:35:49","slug":"servicii","status":"publish","type":"page","link":"https:\/\/activ-sante.ro\/index.php\/servicii\/","title":{"rendered":"Servicii"},"content":{"rendered":"\t\t<div data-elementor-type=\"wp-page\" data-elementor-id=\"13\" class=\"elementor elementor-13\">\n\t\t\t\t<div class=\"elementor-element elementor-element-86bdacf e-flex e-con-boxed e-con e-parent\" data-id=\"86bdacf\" data-element_type=\"container\">\n\t\t\t\t\t<div class=\"e-con-inner\">\n\t\t\t\t<div class=\"elementor-element elementor-element-ecfcbd8 elementor-widget elementor-widget-heading\" data-id=\"ecfcbd8\" data-element_type=\"widget\" data-widget_type=\"heading.default\">\n\t\t\t\t<div class=\"elementor-widget-container\">\n\t\t\t<h2 class=\"elementor-heading-title elementor-size-default\">1. Kinetoterapia<\/h2>\t\t<\/div>\n\t\t\t\t<\/div>\n\t\t\t\t<div class=\"elementor-element elementor-element-13bce4a elementor-widget elementor-widget-text-editor\" data-id=\"13bce4a\" data-element_type=\"widget\" data-widget_type=\"text-editor.default\">\n\t\t\t\t<div class=\"elementor-widget-container\">\n\t\t\t\t\t\t\t<p>Kinetoterapia este stiinta care studiaza structurile care participa la miscarea organismului, sintemului muscular, articular, osos si nervos.<\/p><p>Kinetoterapia are capacitatea de a evidentia imbalansul muscular prezent si de al corecta, tinand cont de toti parametri vitali. Nu trebuie sa uitam ca la baza fiecarei patologi ale sistemului mio-artro-kinetic este preznta o parte mai puternica, care trebuie corectata in kinetoterapie. Programul este individualizat in functie de retracuriile prezente si tine cont de unicitatea fiecarui pacient.<\/p><ul><li><p><strong>Kinetoterapie pentru recuperare post-traumatic\u0103<\/strong>: Programe de exerci\u021bii pentru refacerea articula\u021biilor, mu\u0219chilor \u0219i ligamentelor dup\u0103 fracturi, entorse sau interven\u021bii chirurgicale.<\/p><\/li><li><p><strong>Reabilitare pentru afec\u021biuni musculo-scheletice<\/strong>: Tratament pentru afec\u021biuni ale coloanei vertebrale (scolioz\u0103, hernie de disc), dureri de spate sau articula\u021bii (genunchi, \u0219old).<\/p><\/li><li><p><strong>Reabilitare pentru afec\u021biuni musculo-scheletice<\/strong>: Tratament pentru afec\u021biuni ale coloanei vertebrale (scolioz\u0103, hernie de disc), dureri de spate sau articula\u021bii (genunchi, \u0219old).<\/p><\/li><li><p><strong>Exerci\u021bii corective<\/strong>: Pentru \u00eembun\u0103t\u0103\u021birea posturii \u0219i aliniamentului corpului, prevenirea \u0219i corectarea deform\u0103rilor coloanei vertebrale.<\/p><\/li><li><p><strong>Kinetoterapie pentru copii \u0219i v\u00e2rstnici<\/strong>: Programe adaptate pentru dezvoltarea armonioas\u0103 a copiilor \u0219i pentru men\u021binerea mobilit\u0103\u021bii \u0219i independen\u021bei persoanelor v\u00e2rstnice.<\/p><\/li><\/ul>\t\t\t\t\t\t<\/div>\n\t\t\t\t<\/div>\n\t\t\t\t<div class=\"elementor-element elementor-element-34acdea elementor-widget elementor-widget-heading\" data-id=\"34acdea\" data-element_type=\"widget\" data-widget_type=\"heading.default\">\n\t\t\t\t<div class=\"elementor-widget-container\">\n\t\t\t<h2 class=\"elementor-heading-title elementor-size-default\">2. TERAPIA MANUALA<\/h2>\t\t<\/div>\n\t\t\t\t<\/div>\n\t\t\t\t<div class=\"elementor-element elementor-element-66dcfaa elementor-widget elementor-widget-text-editor\" data-id=\"66dcfaa\" data-element_type=\"widget\" data-widget_type=\"text-editor.default\">\n\t\t\t\t<div class=\"elementor-widget-container\">\n\t\t\t\t\t\t\t<p>Terapia manual\u0103 utilizeaz\u0103 tehnici specifice, manuale, f\u0103r\u0103 ajutorul dispozitivelor sau instrumentelor medicale. De exemplu, in tratarea accidentarilor la umar folosim o tehnica unica in Romania, si anume\u00a0metoda Complex Globale Epaule Franta\u00a0<\/p>\t\t\t\t\t\t<\/div>\n\t\t\t\t<\/div>\n\t\t\t\t<div class=\"elementor-element elementor-element-ca6f25a elementor-widget elementor-widget-heading\" data-id=\"ca6f25a\" data-element_type=\"widget\" data-widget_type=\"heading.default\">\n\t\t\t\t<div class=\"elementor-widget-container\">\n\t\t\t<h2 class=\"elementor-heading-title elementor-size-default\">3. TRAUMATOLOGIA SPORTIVA<\/h2>\t\t<\/div>\n\t\t\t\t<\/div>\n\t\t\t\t<div class=\"elementor-element elementor-element-a952df5 elementor-widget elementor-widget-text-editor\" data-id=\"a952df5\" data-element_type=\"widget\" data-widget_type=\"text-editor.default\">\n\t\t\t\t<div class=\"elementor-widget-container\">\n\t\t\t\t\t\t\t<p>Traumatologia sportiva este parte a traumatologiei generale ce se ocupa de traumatismelece survin in timpul practicarii diferitelor discipline sportive.<\/p>\n<p>Traumatismul aparut in practica sportiva este definit ca fiind \u201drezultatul fortelor externereprezentate de agenti mecanici (lovituri, presiuni, tractiuni) care produc contuzii, plagi sau fracturi. Cu alte cuvinte<\/p>\n<p><em>\u201dorice trauma intentionata sau neintentionata asupra corpului uman,rezultata in urma participarii la orice activitate care necesita efort fizic, efectuata in scop recreational sau competitional.\u201d<\/em><\/p>\t\t\t\t\t\t<\/div>\n\t\t\t\t<\/div>\n\t\t\t\t<div class=\"elementor-element elementor-element-df26b1e elementor-widget elementor-widget-heading\" data-id=\"df26b1e\" data-element_type=\"widget\" data-widget_type=\"heading.default\">\n\t\t\t\t<div class=\"elementor-widget-container\">\n\t\t\t<h2 class=\"elementor-heading-title elementor-size-default\">4. KINETOTERAPIE PEDIATRICA<\/h2>\t\t<\/div>\n\t\t\t\t<\/div>\n\t\t\t\t<div class=\"elementor-element elementor-element-d13fc02 elementor-widget elementor-widget-heading\" data-id=\"d13fc02\" data-element_type=\"widget\" data-widget_type=\"heading.default\">\n\t\t\t\t<div class=\"elementor-widget-container\">\n\t\t\t<h2 class=\"elementor-heading-title elementor-size-default\">5. FIZIOTERAPIE<\/h2>\t\t<\/div>\n\t\t\t\t<\/div>\n\t\t\t\t<div class=\"elementor-element elementor-element-bfcb1c7 elementor-widget elementor-widget-text-editor\" data-id=\"bfcb1c7\" data-element_type=\"widget\" data-widget_type=\"text-editor.default\">\n\t\t\t\t<div class=\"elementor-widget-container\">\n\t\t\t\t\t\t\t<p>Diferite forme de fizioterapie:<\/p>\n<ul>\n<li>\n<p>TECAR INDIBA: Indiba Active Therapy este o form\u0103 inovatoare de fizioterapie care combin\u0103 terapia manual\u0103 \u0219i mi\u0219carea cu tehnologia radiofrecven\u021bei, stimul\u00e2nd regenerarea natural\u0103 \u0219i reduc\u00e2nd durerile musculare. Este utilizat\u0103 de kinetoterapeu\u021bi, osteopa\u021bi \u0219i \u00een medicina sportiv\u0103 datorit\u0103 efectelor rapide \u0219i durabile. INDIBA, compania din spatele acestei tehnologii, fondat\u0103 \u00een Barcelona acum 35 de ani, este lider mondial \u00een domeniul radiofrecven\u021bei \u0219i al tehnologiei TECAR, cu 23.000 de unit\u0103\u021bi v\u00e2ndute \u0219i peste 170 de studii clinice care sus\u021bin eficien\u021ba sa. Terapia Indiba este apreciat\u0103 pentru eficien\u021b\u0103, versatilitate \u0219i siguran\u021b\u0103, av\u00e2nd pu\u021bine contraindica\u021bii (de ex., tromboflebit\u0103, pacemaker). Aceasta accelereaz\u0103 metabolismul celular prin cre\u0219terea permeabilit\u0103\u021bii membranei celulare, facilit\u00e2nd schimbul de ioni. Modelul Indiba CT 8.0 reprezint\u0103 cea mai avansat\u0103 tehnologie, integr\u00e2nd func\u021bii precum modulare continu\u0103 \u0219i conectivitate Wi-Fi.<\/p><\/li>\n<li>\n<p>CRIOTERAPIA<\/p>\n<\/li>\n<li>ELECTROTERAPIA\n<br><br><\/li>\n<li>UNDE DE \u0218OC RADIALE\n<br><br><\/li>\n<li>ULTRASUNET\n<br><br><\/li>\n<li>PRESOTERAPIA: este un tratament non-invaziv care implic\u0103 aplicarea presiunii aerului &#8211; altern\u00e2nd \u00eentre compresie \u0219i decompresie &#8211; pe anumite p\u0103r\u021bi ale corpului. Aceasta ajuta la stimularea sistemului limfatic, care ajut\u0103 la eliminarea toxinelor din corp \u0219i stimularea circula\u021biei s\u00e2ngelui.<\/li>\n<\/ul>\t\t\t\t\t\t<\/div>\n\t\t\t\t<\/div>\n\t\t\t\t<div class=\"elementor-element elementor-element-a6dc661 elementor-widget elementor-widget-heading\" data-id=\"a6dc661\" data-element_type=\"widget\" data-widget_type=\"heading.default\">\n\t\t\t\t<div class=\"elementor-widget-container\">\n\t\t\t<h2 class=\"elementor-heading-title elementor-size-default\">6. DRY NEEDLING<\/h2>\t\t<\/div>\n\t\t\t\t<\/div>\n\t\t\t\t<div class=\"elementor-element elementor-element-f958b13 elementor-widget elementor-widget-text-editor\" data-id=\"f958b13\" data-element_type=\"widget\" data-widget_type=\"text-editor.default\">\n\t\t\t\t<div class=\"elementor-widget-container\">\n\t\t\t\t\t\t\t<p>Dry needling este un tratament medical ce utilizeaz\u0103 ace foarte sub\u021biri f\u0103r\u0103 nici-o substan\u021b\u0103 medicamentoas\u0103, pentru a-\u0219i atinge scopul. Dry needling este utilizat pentru a trata durerea \u0219i disfunc\u021bia, cauzat\u0103 de probleme musculare, fasciale, ligamentare, dureri de cap \u0219i unele probleme neurologice.<\/p><p>Aceasta implic\u0103 inser\u021bia \u00een diferite zone ale corpului a unui ac de argint (asem\u0103n\u0103tor celor de acupunctur\u0103) pentru a stimula procesul de vindecare a \u021besuturilor moi (punctele trigger), rezultatul fiind ameliorarea durerii \u0219i eliminarea contracturilor.<\/p>\t\t\t\t\t\t<\/div>\n\t\t\t\t<\/div>\n\t\t\t\t<div class=\"elementor-element elementor-element-61fb6b0 elementor-widget elementor-widget-heading\" data-id=\"61fb6b0\" data-element_type=\"widget\" data-widget_type=\"heading.default\">\n\t\t\t\t<div class=\"elementor-widget-container\">\n\t\t\t<h2 class=\"elementor-heading-title elementor-size-default\">7. STRETCHING GLOBAL ACTIV<\/h2>\t\t<\/div>\n\t\t\t\t<\/div>\n\t\t\t\t<div class=\"elementor-element elementor-element-c69fdc6 elementor-widget elementor-widget-text-editor\" data-id=\"c69fdc6\" data-element_type=\"widget\" data-widget_type=\"text-editor.default\">\n\t\t\t\t<div class=\"elementor-widget-container\">\n\t\t\t\t\t\t\t<p>Este important sa intelegem cum se exprima corpul inainte de programarea oricarei corectii a sistemului neuromusculoscheletic. Este important sa fim constenti ca o actiune musculara izolata nu exista: corpul isi organizeaza manifestarile si miscarile prin lanturi alcatuite dintr-o serie de muschi grupati pentru o functie specifica si articulatiile mobilizate de acesti muschi.<\/p><p>Observatiile clinice ale biomecanicii umane si comportamentul acesteia in prezenta patologiilor identifica o serie de grupe de muschi organizate intr-un anumit fel pentru a executa anumite functii (de coordonare motorie). Aceste grupe de muschi erau, de fapt, raspunzatoare pentru deviatiile posturale (de exemplu: capul inainte, umerii arcuiti, cresteri si descresteri ale curbelor coloanei vertebrale). In consecinta, pentru a modifica orice deviatie posturala, este necesara identificarea lantului de muschi raspunzator pentru deviatia diagnosticata si tratarea lor globala (ca un intreg), altfel intrgul lant va adopta retractiile anterioare.<\/p><p>Aceste grupe de lanturi musculare descrise de metoda de reeducare posturala sunt alcatuie in principal de muschi statici (muschi tonici) si isi alcatuiesc tehnicile de\u00a0<strong>stretching<\/strong>\u00a0in cautarea unei armonii optime de muschi si articulatii.<br \/>Cand una sau mai multe componente esueaza, este afectat intregul lant, aparand simptomele. De multe ori, acolo unde este o disfunctionalitate sau o afectiune, este tensionata o mare parte a musculaturii, rigida si contractata.<br \/>Diferenta dintre metoda de reeducare posturala globala si alte metode, este aceea ca reeducarea posturala globala se afla in acord cu cunostintele actuale de fiziologie, care disting muschii musculoscheletici ca muschi dinamici (fazici) si statici (tonici) si trateaza fiecare grupa de muschi diferentiat, respectandu-le propria fiziologie si patofiziologie.<\/p>\t\t\t\t\t\t<\/div>\n\t\t\t\t<\/div>\n\t\t\t\t<div class=\"elementor-element elementor-element-518cb6e elementor-widget elementor-widget-heading\" data-id=\"518cb6e\" data-element_type=\"widget\" data-widget_type=\"heading.default\">\n\t\t\t\t<div class=\"elementor-widget-container\">\n\t\t\t<h2 class=\"elementor-heading-title elementor-size-default\">8. MASAJ TERAPEUTIC SI DE RELAXARE : MOD DE RELAXARE SAU SCOP TERAPEUTIC?!<\/h2>\t\t<\/div>\n\t\t\t\t<\/div>\n\t\t\t\t<div class=\"elementor-element elementor-element-f8bc09e elementor-widget elementor-widget-text-editor\" data-id=\"f8bc09e\" data-element_type=\"widget\" data-widget_type=\"text-editor.default\">\n\t\t\t\t<div class=\"elementor-widget-container\">\n\t\t\t\t\t\t\t<p>In ciuda faptului ce ne luptam cu diferite informatii, uneori unele chiar eronate, un lucru este cert: masajul este unul din principalele mijloace de ingrijire a organismului omenesc ce ajuta la mentinerea starii de sanatate si a capacitatii de munca.<\/p><p>Fie el un mod de rasfat sau recuperare, masajul poate ajuta in diferite feluri corpul uman si se poate adapta indiferent de varsta sau conditie! Termenul de \u201cmasaj\u201d, de origine franceza, a fost folosit pentru prima data de Lapage in lucrarea sa \u201cCercetari istorice asupra medicinei chineze\u201d(1813). Technica este insa cunoscuta de foarte multa vreme, fiind intalnita in scrierile antice ale Egiptului, Indiei, Chinei.<\/p><p>Masajul poate fi definit ca o prelucrare metodica a partilor moi ale organismului (piele, tesut celular subcutanat, muschi, vase limfatice si de sange, nervi, organe) prin procedee manuale sau mecanice in scopul obtinerii unor efecte fiziologice si terapeutice.<\/p><p>Diferite forme de masaj:<\/p><ul><li>Masaj cu pietre vulcanice<\/li><li>Masaj cu bete de bambus<\/li><li>Masaj anticelulitic<\/li><li>Masaj cu ventuze<\/li><\/ul>\t\t\t\t\t\t<\/div>\n\t\t\t\t<\/div>\n\t\t\t\t<div class=\"elementor-element elementor-element-560ae67 elementor-widget elementor-widget-heading\" data-id=\"560ae67\" data-element_type=\"widget\" data-widget_type=\"heading.default\">\n\t\t\t\t<div class=\"elementor-widget-container\">\n\t\t\t<h2 class=\"elementor-heading-title elementor-size-default\">9. DRENAJ LIMFATIC MANUAL<\/h2>\t\t<\/div>\n\t\t\t\t<\/div>\n\t\t\t\t<div class=\"elementor-element elementor-element-d9e1822 elementor-widget elementor-widget-text-editor\" data-id=\"d9e1822\" data-element_type=\"widget\" data-widget_type=\"text-editor.default\">\n\t\t\t\t<div class=\"elementor-widget-container\">\n\t\t\t\t\t\t\t<p>Drenajul limfatic este un ansamblu de tehnici manuale, utilizate pentru facilitarea elimin\u0103rii lichidelor \u00een exces pe care limfa le adun\u0103 \u015fi purific\u0103 trec\u00e2ndu-le prin ganglioni, \u00eenainte de a intra \u00een circuitul sanguin.<\/p><p>In zilele noastre, \u00een Europa de Vest este o metod\u0103 impus\u0103 nu numai \u00een scop estetic, dar mai ales \u00een scop terapeutic pentru tratamentul unor afec\u0163iuni reumatismale, circulatorii, reumatologice \u015fi post operator.<\/p>\t\t\t\t\t\t<\/div>\n\t\t\t\t<\/div>\n\t\t\t\t<div class=\"elementor-element elementor-element-a64b3fd elementor-widget elementor-widget-heading\" data-id=\"a64b3fd\" data-element_type=\"widget\" data-widget_type=\"heading.default\">\n\t\t\t\t<div class=\"elementor-widget-container\">\n\t\t\t<h2 class=\"elementor-heading-title elementor-size-default\">10. GIMNASTICA PRE SI POSTNATALA <\/h2>\t\t<\/div>\n\t\t\t\t<\/div>\n\t\t\t\t<div class=\"elementor-element elementor-element-53e9963 elementor-widget elementor-widget-text-editor\" data-id=\"53e9963\" data-element_type=\"widget\" data-widget_type=\"text-editor.default\">\n\t\t\t\t<div class=\"elementor-widget-container\">\n\t\t\t\t\t\t\t<p>Gimnastica prenatala si postnatala constituie un element important pentru a face din trecerea peste aceasta perioada etapa importanta din viata unei femei \u2013 sarcina travaliul si nasterea \u2013 un eveniment placut si cat mai confortabil.\u00a0<span style=\"font-size: 16px; text-align: var(--text-align);\">Obiectivele importante ale gimnasticii prenatale si postnatale sunt atingerea si mentinerea unei stari generale bune fizice si psihice, nastere usoara, recuperare rapida.<\/span><\/p><p>Avantajele pe care le obtii daca practici gimnastica pentru gravide:<\/p><ul><li>descarca tensiunile emotionale, mentin echilibrul psihic;<\/li><li>reduce durerea si durata travaliului;<\/li><li>ajuta la nasterea bebelusului deoarece gravida stie cum sa-si contracte musculatura implicata in timpul nasterii;<\/li><li>asociata cu masajul pentru gravide previne aparitia varicelor, edemelor, vergeturilor;<\/li><li>scade riscul de rupturi perineale si de aparitie a hemoroizilor;<\/li><li>tonifica organismul;<\/li><li>impiedica ingrasarea excesiva a gravidei;<\/li><li>recupararea postnatala este mult mai rapida.<\/li><\/ul><p>\u00a0<\/p>\t\t\t\t\t\t<\/div>\n\t\t\t\t<\/div>\n\t\t\t\t<div class=\"elementor-element elementor-element-b565c32 elementor-widget elementor-widget-heading\" data-id=\"b565c32\" data-element_type=\"widget\" data-widget_type=\"heading.default\">\n\t\t\t\t<div class=\"elementor-widget-container\">\n\t\t\t<h2 class=\"elementor-heading-title elementor-size-default\">11. KINESIOTAPING<\/h2>\t\t<\/div>\n\t\t\t\t<\/div>\n\t\t\t\t<div class=\"elementor-element elementor-element-fbcc8db elementor-widget elementor-widget-text-editor\" data-id=\"fbcc8db\" data-element_type=\"widget\" data-widget_type=\"text-editor.default\">\n\t\t\t\t<div class=\"elementor-widget-container\">\n\t\t\t\t\t\t\t<p>Kinesio Tape a fost creata si folosita de Dr. Kenzo Kase in urma cu 25 de ani. Dr. Kase a cautat o noua metoda de taping pentru sportivi, care sa ajute in procesul de vindecare al tesuturilor traumatizate.<\/p><p>A constatat ca metodele standard folosite in sport ofera suport si stabilitate, dar reduc mult amplitudinea miscarii, nu asigura suport fasciei musculare si nu imbunatatesc procesul de vindecare al zonei, unele din ele blocand circulatia sangvina si limfatica din zona unde sunt aplicate.<\/p>\t\t\t\t\t\t<\/div>\n\t\t\t\t<\/div>\n\t\t\t\t\t<\/div>\n\t\t\t\t<\/div>\n\t\t\t\t<\/div>\n\t\t","protected":false},"excerpt":{"rendered":"<p>1. Kinetoterapia Kinetoterapia este stiinta care studiaza structurile care participa la miscarea organismului, sintemului muscular, articular, osos si nervos. Kinetoterapia are capacitatea de a evidentia imbalansul muscular prezent si de al corecta, tinand cont de toti parametri vitali. Nu trebuie sa uitam ca la baza fiecarei patologi ale sistemului mio-artro-kinetic este preznta o parte mai [&hellip;]<\/p>\n","protected":false},"author":1,"featured_media":0,"parent":0,"menu_order":0,"comment_status":"closed","ping_status":"closed","template":"","meta":{"footnotes":""},"class_list":["post-13","page","type-page","status-publish","hentry","entry"],"_links":{"self":[{"href":"https:\/\/activ-sante.ro\/index.php\/wp-json\/wp\/v2\/pages\/13","targetHints":{"allow":["GET"]}}],"collection":[{"href":"https:\/\/activ-sante.ro\/index.php\/wp-json\/wp\/v2\/pages"}],"about":[{"href":"https:\/\/activ-sante.ro\/index.php\/wp-json\/wp\/v2\/types\/page"}],"author":[{"embeddable":true,"href":"https:\/\/activ-sante.ro\/index.php\/wp-json\/wp\/v2\/users\/1"}],"replies":[{"embeddable":true,"href":"https:\/\/activ-sante.ro\/index.php\/wp-json\/wp\/v2\/comments?post=13"}],"version-history":[{"count":7,"href":"https:\/\/activ-sante.ro\/index.php\/wp-json\/wp\/v2\/pages\/13\/revisions"}],"predecessor-version":[{"id":76,"href":"https:\/\/activ-sante.ro\/index.php\/wp-json\/wp\/v2\/pages\/13\/revisions\/76"}],"wp:attachment":[{"href":"https:\/\/activ-sante.ro\/index.php\/wp-json\/wp\/v2\/media?parent=13"}],"curies":[{"name":"wp","href":"https:\/\/api.w.org\/{rel}","templated":true}]}}